{"id":1065,"date":"2024-08-19T15:31:38","date_gmt":"2024-08-19T13:31:38","guid":{"rendered":"https:\/\/clinicaesmatges.com\/tractaments\/restauradors\/blanquejaments-dentals\/"},"modified":"2025-11-26T09:53:20","modified_gmt":"2025-11-26T08:53:20","slug":"blanquejaments-dentals-lleida","status":"publish","type":"page","link":"https:\/\/clinicaesmatges.com\/ca\/blanquejaments-dentals-lleida\/","title":{"rendered":"Blanquejaments dentals"},"content":{"rendered":"<p>[et_pb_section fb_built=&#8221;1&#8243; custom_padding_last_edited=&#8221;on|phone&#8221; _builder_version=&#8221;4.27.0&#8243; _module_preset=&#8221;default&#8221; background_image=&#8221;https:\/\/clinicaesmatges.com\/wp-content\/uploads\/transportation-services-05.png&#8221; custom_padding=&#8221;40px|||||&#8221; custom_padding_tablet=&#8221;40px|||||&#8221; custom_padding_phone=&#8221;25px||||false|false&#8221; top_divider_color=&#8221;#47AB91&#8243; locked=&#8221;off&#8221; global_colors_info=&#8221;{}&#8221;][et_pb_row _builder_version=&#8221;4.27.0&#8243; _module_preset=&#8221;default&#8221; width_tablet=&#8221;&#8221; width_phone=&#8221;90%&#8221; width_last_edited=&#8221;on|phone&#8221; custom_padding=&#8221;24px||8px|||&#8221; global_colors_info=&#8221;{}&#8221;][et_pb_column type=&#8221;4_4&#8243; _builder_version=&#8221;4.27.0&#8243; _module_preset=&#8221;default&#8221; global_colors_info=&#8221;{}&#8221;][et_pb_text module_id=&#8221;servicios&#8221; _builder_version=&#8221;4.27.0&#8243; _module_preset=&#8221;default&#8221; header_2_font=&#8221;|800|||||||&#8221; header_2_text_align=&#8221;left&#8221; header_2_text_color=&#8221;#54595F&#8221; header_2_font_size=&#8221;32px&#8221; header_3_font=&#8221;|800|||||||&#8221; header_3_text_align=&#8221;left&#8221; header_3_text_color=&#8221;#54595F&#8221; header_3_font_size=&#8221;30px&#8221; background_layout=&#8221;dark&#8221; custom_margin=&#8221;||8px|||&#8221; animation_style=&#8221;slide&#8221; animation_direction=&#8221;right&#8221; header_2_font_size_tablet=&#8221;32px&#8221; header_2_font_size_phone=&#8221;24px&#8221; header_2_font_size_last_edited=&#8221;on|phone&#8221; border_color_all=&#8221;#47ab91&#8243; border_width_left=&#8221;8px&#8221; locked=&#8221;off&#8221; global_colors_info=&#8221;{}&#8221;]<\/p>\n<h2>Qu\u00e8 \u00e9s el blanquejament dental?<\/h2>\n<p>[\/et_pb_text][\/et_pb_column][\/et_pb_row][et_pb_row column_structure=&#8221;2_5,3_5&#8243; _builder_version=&#8221;4.27.0&#8243; _module_preset=&#8221;default&#8221; width_tablet=&#8221;&#8221; width_phone=&#8221;90%&#8221; width_last_edited=&#8221;on|phone&#8221; global_colors_info=&#8221;{}&#8221;][et_pb_column type=&#8221;2_5&#8243; _builder_version=&#8221;4.27.0&#8243; _module_preset=&#8221;default&#8221; global_colors_info=&#8221;{}&#8221;][et_pb_text _builder_version=&#8221;4.27.0&#8243; locked=&#8221;off&#8221; global_colors_info=&#8221;{}&#8221;]<\/p>\n<p>El <strong>blanquejament dental<\/strong> \u00e9s un procediment est\u00e8tic dissenyat per <strong>eliminar taques<\/strong> i aclarir el color de les dents, tornant al teu somriure la seva <strong>brillantor natural<\/strong> .<\/p>\n<p>Aquest procediment es realitza sota la supervisi\u00f3 de <strong>professionals experimentats<\/strong> i pot millorar significativament l&#8217;aparen\u00e7a de les dents en tan sols una sessi\u00f3.<\/p>\n<p>[\/et_pb_text][et_pb_text _builder_version=&#8221;4.27.0&#8243; locked=&#8221;off&#8221; global_colors_info=&#8221;{}&#8221;]<\/p>\n<ul>\n<li><strong>Resultats visibles r\u00e0pidament:<\/strong> El blanquejament dental professional pot aclarir les teves dents diverses tons en una sola sessi\u00f3, proporcionant resultats immediats i efectius.<\/li>\n<li><strong>Millora de l&#8217;autoestima:<\/strong> Un somriure m\u00e9s brillant i blanc pot augmentar significativament la teva confian\u00e7a i autoestima, ajudant-te a sentir-te m\u00e9s segur en les interaccions di\u00e0ries.<\/li>\n<li><strong>Tractament segur i supervisat:<\/strong> Realitzat sota la supervisi\u00f3 de professionals experimentats, el blanquejament dental \u00e9s un procediment segur que protegeix l&#8217;esmalt de les teves dents i assegura el teu benestar bucal.<\/li>\n<\/ul>\n<p>[\/et_pb_text][\/et_pb_column][et_pb_column type=&#8221;3_5&#8243; _builder_version=&#8221;4.27.0&#8243; _module_preset=&#8221;default&#8221; global_colors_info=&#8221;{}&#8221;][et_pb_image src=&#8221;https:\/\/clinicaesmatges.com\/wp-content\/uploads\/esmatges-imagenes-4.png&#8221; title_text=&#8221;esmatges-imatges (4)&#8221; _builder_version=&#8221;4.27.0&#8243; _module_preset=&#8221;default&#8221; global_colors_info=&#8221;{}&#8221;][\/et_pb_image][\/et_pb_column][\/et_pb_row][et_pb_row _builder_version=&#8221;4.27.0&#8243; _module_preset=&#8221;default&#8221; global_colors_info=&#8221;{}&#8221;][et_pb_column type=&#8221;4_4&#8243; _builder_version=&#8221;4.27.0&#8243; _module_preset=&#8221;default&#8221; global_colors_info=&#8221;{}&#8221;][et_pb_text _builder_version=&#8221;4.27.0&#8243; text_orientation=&#8221;center&#8221; locked=&#8221;off&#8221; global_colors_info=&#8221;{}&#8221;]<\/p>\n<p><strong><\/strong>Millora la teva salut dental i preserva les dents amb les nostres avan\u00e7ades t\u00e8cniques de cirurgia periodontal. Programa la teva consulta amb els nostres <strong>experts<\/strong> avui mateix.<\/p>\n<p>[\/et_pb_text][et_pb_button button_url=&#8221;#contacto&#8221; button_text=&#8221;Contactar ara&#8221; button_alignment=&#8221;center&#8221; _builder_version=&#8221;4.27.0&#8243; _module_preset=&#8221;default&#8221; custom_button=&#8221;on&#8221; button_text_color=&#8221;#FFFFFF&#8221; button_bg_color=&#8221;#47AB91&#8243; button_icon=&#8221;&#x37;||divi||400&#8243; global_colors_info=&#8221;{}&#8221;][\/et_pb_button][\/et_pb_column][\/et_pb_row][\/et_pb_section][et_pb_section fb_built=&#8221;1&#8243; _builder_version=&#8221;4.27.0&#8243; _module_preset=&#8221;default&#8221; background_color=&#8221;rgba(0,0,0,0.7)&#8221; background_image=&#8221;https:\/\/clinicaesmatges.com\/wp-content\/uploads\/2.jpg&#8221; background_blend=&#8221;darken&#8221; custom_padding=&#8221;50px||50px||true|false&#8221; top_divider_color=&#8221;#47AB91&#8243; locked=&#8221;off&#8221; global_colors_info=&#8221;{}&#8221;][et_pb_row _builder_version=&#8221;4.27.0&#8243; _module_preset=&#8221;default&#8221; width_tablet=&#8221;&#8221; width_phone=&#8221;90%&#8221; width_last_edited=&#8221;on|phone&#8221; global_colors_info=&#8221;{}&#8221;][et_pb_column type=&#8221;4_4&#8243; _builder_version=&#8221;4.27.0&#8243; _module_preset=&#8221;default&#8221; global_colors_info=&#8221;{}&#8221;][et_pb_text module_id=&#8221;servicios&#8221; _builder_version=&#8221;4.27.0&#8243; _module_preset=&#8221;default&#8221; header_2_font=&#8221;|600|||||||&#8221; header_2_text_align=&#8221;center&#8221; header_2_font_size=&#8221;32px&#8221; header_3_font=&#8221;|800|||||||&#8221; header_3_text_align=&#8221;left&#8221; header_3_text_color=&#8221;#54595F&#8221; header_3_font_size=&#8221;30px&#8221; background_color=&#8221;#47AB91&#8243; background_layout=&#8221;dark&#8221; width=&#8221;58%&#8221; width_tablet=&#8221;58%&#8221; width_phone=&#8221;58%&#8221; width_last_edited=&#8221;on|phone&#8221; module_alignment=&#8221;center&#8221; custom_margin=&#8221;||8px|||&#8221; animation_style=&#8221;slide&#8221; animation_direction=&#8221;right&#8221; header_2_font_size_tablet=&#8221;32px&#8221; header_2_font_size_phone=&#8221;26px&#8221; header_2_font_size_last_edited=&#8221;on|phone&#8221; border_color_all=&#8221;#FFFFFF&#8221; locked=&#8221;off&#8221; global_colors_info=&#8221;{}&#8221;]<\/p>\n<h2>Blanquejament dental a Lleida<\/h2>\n<p>[\/et_pb_text][et_pb_text _builder_version=&#8221;4.27.0&#8243; text_font_size=&#8221;20px&#8221; text_orientation=&#8221;center&#8221; background_layout=&#8221;dark&#8221; custom_margin=&#8221;0px||0px||true|false&#8221; custom_padding=&#8221;10px||10px||true|false&#8221; locked=&#8221;off&#8221; global_colors_info=&#8221;{}&#8221;]<\/p>\n<p>La teva salut, la nostra missi\u00f3. Millora la qualitat de vida amb les nostres t\u00e8cniques avan\u00e7ades.<\/p>\n<p>[\/et_pb_text][\/et_pb_column][\/et_pb_row][\/et_pb_section][et_pb_section fb_built=&#8221;1&#8243; custom_padding_last_edited=&#8221;on|phone&#8221; _builder_version=&#8221;4.27.0&#8243; _module_preset=&#8221;default&#8221; background_image=&#8221;https:\/\/clinicaesmatges.com\/wp-content\/uploads\/transportation-services-05.png&#8221; custom_padding=&#8221;40px|||||&#8221; custom_padding_tablet=&#8221;40px|||||&#8221; custom_padding_phone=&#8221;25px||||false|false&#8221; top_divider_color=&#8221;#47AB91&#8243; locked=&#8221;off&#8221; global_colors_info=&#8221;{}&#8221;][et_pb_row _builder_version=&#8221;4.27.0&#8243; _module_preset=&#8221;default&#8221; width_tablet=&#8221;&#8221; width_phone=&#8221;90%&#8221; width_last_edited=&#8221;on|phone&#8221; custom_padding=&#8221;24px||8px|||&#8221; global_colors_info=&#8221;{}&#8221;][et_pb_column type=&#8221;4_4&#8243; _builder_version=&#8221;4.27.0&#8243; _module_preset=&#8221;default&#8221; global_colors_info=&#8221;{}&#8221;][et_pb_text module_id=&#8221;servicios&#8221; _builder_version=&#8221;4.27.0&#8243; _module_preset=&#8221;default&#8221; header_2_font=&#8221;|800|||||||&#8221; header_2_text_align=&#8221;left&#8221; header_2_text_color=&#8221;#54595F&#8221; header_2_font_size=&#8221;32px&#8221; header_3_font=&#8221;|800|||||||&#8221; header_3_text_align=&#8221;left&#8221; header_3_text_color=&#8221;#54595F&#8221; header_3_font_size=&#8221;30px&#8221; background_layout=&#8221;dark&#8221; custom_margin=&#8221;||8px|||&#8221; animation_style=&#8221;slide&#8221; animation_direction=&#8221;right&#8221; header_2_font_size_tablet=&#8221;32px&#8221; header_2_font_size_phone=&#8221;24px&#8221; header_2_font_size_last_edited=&#8221;on|phone&#8221; border_color_all=&#8221;#47ab91&#8243; border_width_left=&#8221;8px&#8221; locked=&#8221;off&#8221; global_colors_info=&#8221;{}&#8221;]<\/p>\n<h2>Beneficis del blanquejament dental<\/h2>\n<p>[\/et_pb_text][\/et_pb_column][\/et_pb_row][et_pb_row column_structure=&#8221;1_4,1_4,1_4,1_4&#8243; _builder_version=&#8221;4.27.0&#8243; _module_preset=&#8221;default&#8221; width_tablet=&#8221;&#8221; width_phone=&#8221;90%&#8221; width_last_edited=&#8221;on|phone&#8221; global_colors_info=&#8221;{}&#8221;][et_pb_column type=&#8221;1_4&#8243; _builder_version=&#8221;4.27.0&#8243; _module_preset=&#8221;default&#8221; global_colors_info=&#8221;{}&#8221;][et_pb_blurb title=&#8221;Resultats r\u00e0pids&#8221; use_icon=&#8221;on&#8221; font_icon=&#8221;&#xf017;||fa||400&#8243; icon_color=&#8221;#47AB91&#8243; image_icon_width=&#8221;84px&#8221; _builder_version=&#8221;4.27.0&#8243; _module_preset=&#8221;default&#8221; header_text_align=&#8221;center&#8221; body_text_align=&#8221;center&#8221; global_colors_info=&#8221;{}&#8221; background__hover_enabled=&#8221;on|hover&#8221; background_color__hover=&#8221;rgba(0,0,0,0)&#8221; background_enable_color__hover=&#8221;on&#8221;]<\/p>\n<p>Obtingueu un somriure m\u00e9s blanc en una sola sessi\u00f3 amb el nostre tractament professional.<\/p>\n<p>[\/et_pb_blurb][\/et_pb_column][et_pb_column type=&#8221;1_4&#8243; _builder_version=&#8221;4.27.0&#8243; _module_preset=&#8221;default&#8221; global_colors_info=&#8221;{}&#8221;][et_pb_blurb title=&#8221;Millora de la confian\u00e7a&#8221; use_icon=&#8221;on&#8221; font_icon=&#8221;&#xf118;||fa||400&#8243; icon_color=&#8221;#47AB91&#8243; image_icon_width=&#8221;84px&#8221; _builder_version=&#8221;4.27.0&#8243; _module_preset=&#8221;default&#8221; header_text_align=&#8221;center&#8221; body_text_align=&#8221;center&#8221; locked=&#8221;off&#8221; global_colors_info=&#8221;{}&#8221; background__hover_enabled=&#8221;on|hover&#8221; background_color__hover=&#8221;rgba(0,0,0,0)&#8221; background_enable_color__hover=&#8221;on&#8221;]<\/p>\n<p>Un somriure m\u00e9s brillant pot augmentar la teva autoestima i fer-te sentir m\u00e9s segur en les relacions socials i professionals.<\/p>\n<p>[\/et_pb_blurb][\/et_pb_column][et_pb_column type=&#8221;1_4&#8243; _builder_version=&#8221;4.27.0&#8243; _module_preset=&#8221;default&#8221; global_colors_info=&#8221;{}&#8221;][et_pb_blurb title=&#8221;Procediment segur&#8221; use_icon=&#8221;on&#8221; font_icon=&#8221;&#xf7f2;||fa||900&#8243; icon_color=&#8221;#47AB91&#8243; image_icon_width=&#8221;84px&#8221; _builder_version=&#8221;4.27.0&#8243; _module_preset=&#8221;default&#8221; header_text_align=&#8221;center&#8221; body_text_align=&#8221;center&#8221; locked=&#8221;off&#8221; global_colors_info=&#8221;{}&#8221; background__hover_enabled=&#8221;on|hover&#8221; background_color__hover=&#8221;rgba(0,0,0,0)&#8221; background_enable_color__hover=&#8221;on&#8221;]<\/p>\n<p>\u00c9s un tractament segur, realitzat sota la supervisi\u00f3 de dentistes qualificats per protegir l&#8217;esmalt de les dents.<\/p>\n<p>[\/et_pb_blurb][\/et_pb_column][et_pb_column type=&#8221;1_4&#8243; _builder_version=&#8221;4.27.0&#8243; _module_preset=&#8221;default&#8221; global_colors_info=&#8221;{}&#8221;][et_pb_blurb title=&#8221;Atractiu est\u00e8tic&#8221; use_icon=&#8221;on&#8221; font_icon=&#8221;&#xf5c9;||fa||900&#8243; icon_color=&#8221;#47AB91&#8243; image_icon_width=&#8221;84px&#8221; _builder_version=&#8221;4.27.0&#8243; _module_preset=&#8221;default&#8221; header_text_align=&#8221;center&#8221; body_text_align=&#8221;center&#8221; locked=&#8221;off&#8221; global_colors_info=&#8221;{}&#8221; background__hover_enabled=&#8221;on|hover&#8221; background_color__hover=&#8221;rgba(0,0,0,0)&#8221; background_enable_color__hover=&#8221;on&#8221;]<\/p>\n<p>Millora l&#8217;aparen\u00e7a del teu somriure eliminant taques i decoloracions, aconseguint un aspecte m\u00e9s net i juvenil.<\/p>\n<p>[\/et_pb_blurb][\/et_pb_column][\/et_pb_row][et_pb_row _builder_version=&#8221;4.27.0&#8243; _module_preset=&#8221;default&#8221; global_colors_info=&#8221;{}&#8221;][et_pb_column type=&#8221;4_4&#8243; _builder_version=&#8221;4.27.0&#8243; _module_preset=&#8221;default&#8221; global_colors_info=&#8221;{}&#8221;][et_pb_button button_url=&#8221;#contacto&#8221; button_text=&#8221;Contactar ara&#8221; button_alignment=&#8221;center&#8221; _builder_version=&#8221;4.27.0&#8243; _module_preset=&#8221;default&#8221; custom_button=&#8221;on&#8221; button_text_color=&#8221;#FFFFFF&#8221; button_bg_color=&#8221;#47AB91&#8243; button_icon=&#8221;&#x37;||divi||400&#8243; global_colors_info=&#8221;{}&#8221;][\/et_pb_button][\/et_pb_column][\/et_pb_row][\/et_pb_section]<\/p>\n","protected":false},"excerpt":{"rendered":"<p>Qu\u00e8 \u00e9s el blanquejament dental?El blanquejament dental \u00e9s un procediment est\u00e8tic dissenyat per eliminar taques i aclarir el color de les dents, tornant al teu somriure la seva brillantor natural . Aquest procediment es realitza sota la supervisi\u00f3 de professionals experimentats i pot millorar significativament l&#8217;aparen\u00e7a de les dents en tan sols una sessi\u00f3. Resultats [&hellip;]<\/p>\n","protected":false},"author":7,"featured_media":0,"parent":0,"menu_order":0,"comment_status":"closed","ping_status":"closed","template":"","meta":{"_et_pb_use_builder":"on","_et_pb_old_content":"","_et_gb_content_width":"","footnotes":""},"class_list":["post-1065","page","type-page","status-publish","hentry"],"yoast_head":"<!-- This site is optimized with the Yoast SEO plugin v27.3 - https:\/\/yoast.com\/product\/yoast-seo-wordpress\/ -->\n<title>Blanquejaments Dentals a Lleida | Cl\u00ednica Esmatges<\/title>\n<meta name=\"description\" content=\"\u00bfBusques el Millor Blanquejament Dental a Lleida? A Cl\u00ednica Esmatges Podem Ajudar-te blanquejant les teves Dents. Reserva Cita Ara.\" \/>\n<meta name=\"robots\" content=\"index, follow, max-snippet:-1, max-image-preview:large, max-video-preview:-1\" \/>\n<link rel=\"canonical\" href=\"https:\/\/clinicaesmatges.com\/ca\/blanquejaments-dentals-lleida\/\" \/>\n<meta property=\"og:locale\" content=\"ca_ES\" \/>\n<meta property=\"og:type\" content=\"article\" \/>\n<meta property=\"og:title\" content=\"Blanquejaments Dentals a Lleida | Cl\u00ednica Esmatges\" \/>\n<meta property=\"og:description\" content=\"\u00bfBusques el Millor Blanquejament Dental a Lleida? A Cl\u00ednica Esmatges Podem Ajudar-te blanquejant les teves Dents. Reserva Cita Ara.\" \/>\n<meta property=\"og:url\" content=\"https:\/\/clinicaesmatges.com\/ca\/blanquejaments-dentals-lleida\/\" \/>\n<meta property=\"og:site_name\" content=\"Cl\u00ednica Esmatges\" \/>\n<meta property=\"article:publisher\" content=\"https:\/\/www.facebook.com\/esmatgesperiodoncia\" \/>\n<meta property=\"article:modified_time\" content=\"2025-11-26T08:53:20+00:00\" \/>\n<meta property=\"og:image\" content=\"https:\/\/clinicaesmatges.com\/wp-content\/uploads\/cropped-Copia-de-Copia-de-LOGO_VECTORITZAT_AFA-JESUITES_LLEIDA-3.pdf-600-x-250-px.jpg\" \/>\n\t<meta property=\"og:image:width\" content=\"512\" \/>\n\t<meta property=\"og:image:height\" content=\"512\" \/>\n\t<meta property=\"og:image:type\" content=\"image\/jpeg\" \/>\n<meta name=\"twitter:card\" content=\"summary_large_image\" \/>\n<meta name=\"twitter:label1\" content=\"Temps estimat de lectura\" \/>\n\t<meta name=\"twitter:data1\" content=\"2 minuts\" \/>\n<script type=\"application\/ld+json\" class=\"yoast-schema-graph\">{\"@context\":\"https:\\\/\\\/schema.org\",\"@graph\":[{\"@type\":\"WebPage\",\"@id\":\"https:\\\/\\\/clinicaesmatges.com\\\/ca\\\/blanquejaments-dentals-lleida\\\/\",\"url\":\"https:\\\/\\\/clinicaesmatges.com\\\/ca\\\/blanquejaments-dentals-lleida\\\/\",\"name\":\"Blanquejaments Dentals a Lleida | Cl\u00ednica Esmatges\",\"isPartOf\":{\"@id\":\"https:\\\/\\\/clinicaesmatges.com\\\/ca\\\/#website\"},\"datePublished\":\"2024-08-19T13:31:38+00:00\",\"dateModified\":\"2025-11-26T08:53:20+00:00\",\"description\":\"\u00bfBusques el Millor Blanquejament Dental a Lleida? A Cl\u00ednica Esmatges Podem Ajudar-te blanquejant les teves Dents. Reserva Cita Ara.\",\"breadcrumb\":{\"@id\":\"https:\\\/\\\/clinicaesmatges.com\\\/ca\\\/blanquejaments-dentals-lleida\\\/#breadcrumb\"},\"inLanguage\":\"ca\",\"potentialAction\":[{\"@type\":\"ReadAction\",\"target\":[\"https:\\\/\\\/clinicaesmatges.com\\\/ca\\\/blanquejaments-dentals-lleida\\\/\"]}]},{\"@type\":\"BreadcrumbList\",\"@id\":\"https:\\\/\\\/clinicaesmatges.com\\\/ca\\\/blanquejaments-dentals-lleida\\\/#breadcrumb\",\"itemListElement\":[{\"@type\":\"ListItem\",\"position\":1,\"name\":\"Portada\",\"item\":\"https:\\\/\\\/clinicaesmatges.com\\\/ca\\\/\"},{\"@type\":\"ListItem\",\"position\":2,\"name\":\"Blanquejaments dentals\"}]},{\"@type\":\"WebSite\",\"@id\":\"https:\\\/\\\/clinicaesmatges.com\\\/ca\\\/#website\",\"url\":\"https:\\\/\\\/clinicaesmatges.com\\\/ca\\\/\",\"name\":\"Cl\u00ednica Esmatges\",\"description\":\"Cl\u00ednica dental en Lleida\",\"publisher\":{\"@id\":\"https:\\\/\\\/clinicaesmatges.com\\\/ca\\\/#organization\"},\"alternateName\":\"Cl\u00ednica Esmatges\",\"potentialAction\":[{\"@type\":\"SearchAction\",\"target\":{\"@type\":\"EntryPoint\",\"urlTemplate\":\"https:\\\/\\\/clinicaesmatges.com\\\/ca\\\/?s={search_term_string}\"},\"query-input\":{\"@type\":\"PropertyValueSpecification\",\"valueRequired\":true,\"valueName\":\"search_term_string\"}}],\"inLanguage\":\"ca\"},{\"@type\":\"Organization\",\"@id\":\"https:\\\/\\\/clinicaesmatges.com\\\/ca\\\/#organization\",\"name\":\"Cl\u00ednica Esmatges\",\"alternateName\":\"Cl\u00ednica Esmatges\",\"url\":\"https:\\\/\\\/clinicaesmatges.com\\\/ca\\\/\",\"logo\":{\"@type\":\"ImageObject\",\"inLanguage\":\"ca\",\"@id\":\"https:\\\/\\\/clinicaesmatges.com\\\/ca\\\/#\\\/schema\\\/logo\\\/image\\\/\",\"url\":\"https:\\\/\\\/clinicaesmatges.com\\\/wp-content\\\/uploads\\\/cropped-Copia-de-Copia-de-LOGO_VECTORITZAT_AFA-JESUITES_LLEIDA-3.pdf-600-x-250-px.jpg\",\"contentUrl\":\"https:\\\/\\\/clinicaesmatges.com\\\/wp-content\\\/uploads\\\/cropped-Copia-de-Copia-de-LOGO_VECTORITZAT_AFA-JESUITES_LLEIDA-3.pdf-600-x-250-px.jpg\",\"width\":512,\"height\":512,\"caption\":\"Cl\u00ednica Esmatges\"},\"image\":{\"@id\":\"https:\\\/\\\/clinicaesmatges.com\\\/ca\\\/#\\\/schema\\\/logo\\\/image\\\/\"},\"sameAs\":[\"https:\\\/\\\/www.facebook.com\\\/esmatgesperiodoncia\",\"https:\\\/\\\/www.instagram.com\\\/esmatgesperiodoncia\\\/\"]}]}<\/script>\n<!-- \/ Yoast SEO plugin. -->","yoast_head_json":{"title":"Blanquejaments Dentals a Lleida | Cl\u00ednica Esmatges","description":"\u00bfBusques el Millor Blanquejament Dental a Lleida? A Cl\u00ednica Esmatges Podem Ajudar-te blanquejant les teves Dents. Reserva Cita Ara.","robots":{"index":"index","follow":"follow","max-snippet":"max-snippet:-1","max-image-preview":"max-image-preview:large","max-video-preview":"max-video-preview:-1"},"canonical":"https:\/\/clinicaesmatges.com\/ca\/blanquejaments-dentals-lleida\/","og_locale":"ca_ES","og_type":"article","og_title":"Blanquejaments Dentals a Lleida | Cl\u00ednica Esmatges","og_description":"\u00bfBusques el Millor Blanquejament Dental a Lleida? A Cl\u00ednica Esmatges Podem Ajudar-te blanquejant les teves Dents. Reserva Cita Ara.","og_url":"https:\/\/clinicaesmatges.com\/ca\/blanquejaments-dentals-lleida\/","og_site_name":"Cl\u00ednica Esmatges","article_publisher":"https:\/\/www.facebook.com\/esmatgesperiodoncia","article_modified_time":"2025-11-26T08:53:20+00:00","og_image":[{"width":512,"height":512,"url":"https:\/\/clinicaesmatges.com\/wp-content\/uploads\/cropped-Copia-de-Copia-de-LOGO_VECTORITZAT_AFA-JESUITES_LLEIDA-3.pdf-600-x-250-px.jpg","type":"image\/jpeg"}],"twitter_card":"summary_large_image","twitter_misc":{"Temps estimat de lectura":"2 minuts"},"schema":{"@context":"https:\/\/schema.org","@graph":[{"@type":"WebPage","@id":"https:\/\/clinicaesmatges.com\/ca\/blanquejaments-dentals-lleida\/","url":"https:\/\/clinicaesmatges.com\/ca\/blanquejaments-dentals-lleida\/","name":"Blanquejaments Dentals a Lleida | Cl\u00ednica Esmatges","isPartOf":{"@id":"https:\/\/clinicaesmatges.com\/ca\/#website"},"datePublished":"2024-08-19T13:31:38+00:00","dateModified":"2025-11-26T08:53:20+00:00","description":"\u00bfBusques el Millor Blanquejament Dental a Lleida? A Cl\u00ednica Esmatges Podem Ajudar-te blanquejant les teves Dents. Reserva Cita Ara.","breadcrumb":{"@id":"https:\/\/clinicaesmatges.com\/ca\/blanquejaments-dentals-lleida\/#breadcrumb"},"inLanguage":"ca","potentialAction":[{"@type":"ReadAction","target":["https:\/\/clinicaesmatges.com\/ca\/blanquejaments-dentals-lleida\/"]}]},{"@type":"BreadcrumbList","@id":"https:\/\/clinicaesmatges.com\/ca\/blanquejaments-dentals-lleida\/#breadcrumb","itemListElement":[{"@type":"ListItem","position":1,"name":"Portada","item":"https:\/\/clinicaesmatges.com\/ca\/"},{"@type":"ListItem","position":2,"name":"Blanquejaments dentals"}]},{"@type":"WebSite","@id":"https:\/\/clinicaesmatges.com\/ca\/#website","url":"https:\/\/clinicaesmatges.com\/ca\/","name":"Cl\u00ednica Esmatges","description":"Cl\u00ednica dental en Lleida","publisher":{"@id":"https:\/\/clinicaesmatges.com\/ca\/#organization"},"alternateName":"Cl\u00ednica Esmatges","potentialAction":[{"@type":"SearchAction","target":{"@type":"EntryPoint","urlTemplate":"https:\/\/clinicaesmatges.com\/ca\/?s={search_term_string}"},"query-input":{"@type":"PropertyValueSpecification","valueRequired":true,"valueName":"search_term_string"}}],"inLanguage":"ca"},{"@type":"Organization","@id":"https:\/\/clinicaesmatges.com\/ca\/#organization","name":"Cl\u00ednica Esmatges","alternateName":"Cl\u00ednica Esmatges","url":"https:\/\/clinicaesmatges.com\/ca\/","logo":{"@type":"ImageObject","inLanguage":"ca","@id":"https:\/\/clinicaesmatges.com\/ca\/#\/schema\/logo\/image\/","url":"https:\/\/clinicaesmatges.com\/wp-content\/uploads\/cropped-Copia-de-Copia-de-LOGO_VECTORITZAT_AFA-JESUITES_LLEIDA-3.pdf-600-x-250-px.jpg","contentUrl":"https:\/\/clinicaesmatges.com\/wp-content\/uploads\/cropped-Copia-de-Copia-de-LOGO_VECTORITZAT_AFA-JESUITES_LLEIDA-3.pdf-600-x-250-px.jpg","width":512,"height":512,"caption":"Cl\u00ednica Esmatges"},"image":{"@id":"https:\/\/clinicaesmatges.com\/ca\/#\/schema\/logo\/image\/"},"sameAs":["https:\/\/www.facebook.com\/esmatgesperiodoncia","https:\/\/www.instagram.com\/esmatgesperiodoncia\/"]}]}},"_links":{"self":[{"href":"https:\/\/clinicaesmatges.com\/ca\/wp-json\/wp\/v2\/pages\/1065","targetHints":{"allow":["GET"]}}],"collection":[{"href":"https:\/\/clinicaesmatges.com\/ca\/wp-json\/wp\/v2\/pages"}],"about":[{"href":"https:\/\/clinicaesmatges.com\/ca\/wp-json\/wp\/v2\/types\/page"}],"author":[{"embeddable":true,"href":"https:\/\/clinicaesmatges.com\/ca\/wp-json\/wp\/v2\/users\/7"}],"replies":[{"embeddable":true,"href":"https:\/\/clinicaesmatges.com\/ca\/wp-json\/wp\/v2\/comments?post=1065"}],"version-history":[{"count":1,"href":"https:\/\/clinicaesmatges.com\/ca\/wp-json\/wp\/v2\/pages\/1065\/revisions"}],"predecessor-version":[{"id":1207,"href":"https:\/\/clinicaesmatges.com\/ca\/wp-json\/wp\/v2\/pages\/1065\/revisions\/1207"}],"wp:attachment":[{"href":"https:\/\/clinicaesmatges.com\/ca\/wp-json\/wp\/v2\/media?parent=1065"}],"curies":[{"name":"wp","href":"https:\/\/api.w.org\/{rel}","templated":true}]}}